{"id":85,"date":"2021-03-21T18:57:52","date_gmt":"2021-03-21T15:57:52","guid":{"rendered":"http:\/\/scnucet.ro\/?page_id=85"},"modified":"2025-07-03T13:41:31","modified_gmt":"2025-07-03T10:41:31","slug":"evaluare-nationala","status":"publish","type":"page","link":"https:\/\/scnucet.ro\/index.php\/evaluare-nationala\/","title":{"rendered":"Evaluare Na\u021bional\u0103"},"content":{"rendered":"\n<h4 class=\"wp-block-heading\">2024-2025<\/h4>\n\n\n\n<p>Contesta\u021biile Evaluar\u0103rii Na\u021bionale se pot trimite c\u0103tre urm\u0103toarea adres\u0103: nucet@scolidb.ro . Cererile vor fi \u00eenso\u021bite de copia CI p\u0103rinte care semneaz\u0103 documenta\u021bia. Mai jos reg\u0103si\u021bi tipurile de cereri: <\/p>\n\n\n\n<ol class=\"wp-block-list\">\n<li><a href=\"https:\/\/scnucet.ro\/wp-content\/uploads\/2025\/07\/Cerere-depunere-contestatie-EN8-2025.pdf\">Cerere depunere contesta\u021bie EN8-2025<\/a><\/li>\n\n\n\n<li><a href=\"https:\/\/scnucet.ro\/wp-content\/uploads\/2025\/07\/Declaratie-de-confirmare-a-vizualizarii-EN-8-2025.pdf\">Declara\u021bie de confirmare a vizualiz\u0103rii EN 8-2025<\/a><\/li>\n\n\n\n<li><a href=\"https:\/\/scnucet.ro\/wp-content\/uploads\/2025\/07\/Cerere-vizualuzare-lucrare-EN8-2025.pdf\">Cerere vizualuzare lucrare EN8-2025<\/a><\/li>\n<\/ol>\n\n\n\n<p class=\"has-medium-font-size\"><a href=\"https:\/\/scnucet.ro\/wp-content\/uploads\/2024\/10\/ORDIN-Nr.-6.595-EN-246-2024-2025.pdf\">ORDIN Nr. 6.595 EN 2,4,6 2024-2025<\/a><\/p>\n\n\n\n<p><a href=\"https:\/\/scnucet.ro\/wp-content\/uploads\/2024\/10\/OM-6480-Admitere-liceu-2025_2026.pdf\">OM 6480 Admitere liceu 2025_2026<\/a><\/p>\n\n\n\n<p><a href=\"https:\/\/scnucet.ro\/wp-content\/uploads\/2024\/10\/OM-6478-Portofoliul-educational.pdf\">OM 6478 Portofoliul educational<\/a><\/p>\n\n\n\n<p><a href=\"http:\/\/subiecte.edu.ro\/2025\/evaluarenationala\/modeledesubiecte\/\">Modele de subiecte<\/a><\/p>\n\n\n\n<p><a href=\"https:\/\/www.isj-db.ro\/static\/files\/-LEGISLATIE\/ORDIN_ME_6479_2024_-_EV._NATIONALA_2024-2025.pdf\">ORDIN ME 6479\/2024-EN 2024-2025<\/a><\/p>\n\n\n\n<p><a href=\"http:\/\/subiecte2024.edu.ro\/2024\/evaluarenationala2\/teste\/\">Teste clasa a II-a (2024)<\/a><\/p>\n\n\n\n<p><a href=\"http:\/\/subiecte2024.edu.ro\/2024\/evaluarenationala4\/teste\/\">Teste clasa a IV-a (2024)<\/a><\/p>\n\n\n\n<p><a href=\"http:\/\/subiecte2024.edu.ro\/2024\/evaluarenationala6\/teste\/\">Teste clasa a VI-a (2024)<\/a><\/p>\n\n\n\n<p><a href=\"https:\/\/scnucet.ro\/wp-content\/uploads\/2025\/03\/ENVI_2025_Matematica_si_stiinte_Test_.pdf\">Modele noi de subiecte pentru Evaluarea Na\u021bional\u0103 de clasa a VI-a 2025 Matematic\u0103 \u0219i \u0218tiin\u021be<\/a><\/p>\n\n\n\n<p><a href=\"https:\/\/scnucet.ro\/wp-content\/uploads\/2025\/03\/EN_VI_2025_Limba_comunicare_limba_romana_Test.pdf\">Modele noi de subiecte pentru Evaluarea Na\u021bional\u0103 de clasa a VI-a 2025 &nbsp;Limba \u0219i comunicare, Limba rom\u00e2n\u0103<\/a><\/p>\n\n\n\n<p><a href=\"https:\/\/www.edu.ro\/EN_II_IV_VI\">Site-ul Ministerului Educa\u021biei &#8211; EN<\/a><\/p>\n\n\n\n<p><a href=\"http:\/\/subiecte.edu.ro\/2025\/simulare\/simulare_en_VIII\/\">Simulare EN 2025<\/a><\/p>\n\n\n\n<p><a href=\"http:\/\/subiecte.edu.ro\/2025\/simulare\/legislatie\/\">Legislatie Simulare EN 2025<\/a><\/p>\n\n\n\n<p><\/p>\n","protected":false},"excerpt":{"rendered":"<p>2024-2025 Contesta\u021biile Evaluar\u0103rii Na\u021bionale se pot trimite c\u0103tre urm\u0103toarea adres\u0103: nucet@scolidb.ro . Cererile vor fi \u00eenso\u021bite de copia CI p\u0103rinte care semneaz\u0103 documenta\u021bia. Mai jos reg\u0103si\u021bi tipurile de cereri: ORDIN Nr. 6.595 EN 2,4,6 2024-2025 OM 6480 Admitere liceu 2025_2026 &hellip; <\/p>\n","protected":false},"author":1,"featured_media":0,"parent":0,"menu_order":0,"comment_status":"closed","ping_status":"closed","template":"","meta":{"_acf_changed":false,"footnotes":""},"class_list":["post-85","page","type-page","status-publish","hentry"],"acf":[],"_links":{"self":[{"href":"https:\/\/scnucet.ro\/index.php\/wp-json\/wp\/v2\/pages\/85","targetHints":{"allow":["GET"]}}],"collection":[{"href":"https:\/\/scnucet.ro\/index.php\/wp-json\/wp\/v2\/pages"}],"about":[{"href":"https:\/\/scnucet.ro\/index.php\/wp-json\/wp\/v2\/types\/page"}],"author":[{"embeddable":true,"href":"https:\/\/scnucet.ro\/index.php\/wp-json\/wp\/v2\/users\/1"}],"replies":[{"embeddable":true,"href":"https:\/\/scnucet.ro\/index.php\/wp-json\/wp\/v2\/comments?post=85"}],"version-history":[{"count":55,"href":"https:\/\/scnucet.ro\/index.php\/wp-json\/wp\/v2\/pages\/85\/revisions"}],"predecessor-version":[{"id":1016,"href":"https:\/\/scnucet.ro\/index.php\/wp-json\/wp\/v2\/pages\/85\/revisions\/1016"}],"wp:attachment":[{"href":"https:\/\/scnucet.ro\/index.php\/wp-json\/wp\/v2\/media?parent=85"}],"curies":[{"name":"wp","href":"https:\/\/api.w.org\/{rel}","templated":true}]}}