{"id":623,"date":"2024-06-16T14:00:59","date_gmt":"2024-06-16T11:00:59","guid":{"rendered":"https:\/\/scnucet.ro\/?page_id=623"},"modified":"2024-06-16T14:14:37","modified_gmt":"2024-06-16T11:14:37","slug":"sm-art","status":"publish","type":"page","link":"https:\/\/scnucet.ro\/index.php\/sm-art\/","title":{"rendered":"SM-ART"},"content":{"rendered":"\n<p>Proiectul <em>\u201dSM-ART &#8211; \u0218coala Modern\u0103 educ\u0103 prin Activit\u0103\u021bi Recreative Tematice, POCU\/987\/6.3\/6.6\/154098\u201d, <\/em>s-a desf\u0103\u0219urat \u00een perioada 28.12.2022 \u2013 31.12.2023<\/p>\n\n\n\n<hr class=\"wp-block-separator has-alpha-channel-opacity\"\/>\n\n\n\n<figure class=\"wp-block-gallery has-nested-images columns-default is-cropped wp-block-gallery-1 is-layout-flex wp-block-gallery-is-layout-flex\">\n<figure class=\"wp-block-image size-large\"><img loading=\"lazy\" decoding=\"async\" width=\"1024\" height=\"565\" data-id=\"653\" src=\"https:\/\/scnucet.ro\/wp-content\/uploads\/2024\/06\/20230822_122033-1-1024x565.jpg\" alt=\"\" class=\"wp-image-653\" srcset=\"https:\/\/scnucet.ro\/wp-content\/uploads\/2024\/06\/20230822_122033-1-1024x565.jpg 1024w, https:\/\/scnucet.ro\/wp-content\/uploads\/2024\/06\/20230822_122033-1-300x166.jpg 300w, https:\/\/scnucet.ro\/wp-content\/uploads\/2024\/06\/20230822_122033-1-768x424.jpg 768w, https:\/\/scnucet.ro\/wp-content\/uploads\/2024\/06\/20230822_122033-1-1536x848.jpg 1536w, https:\/\/scnucet.ro\/wp-content\/uploads\/2024\/06\/20230822_122033-1-2048x1131.jpg 2048w\" sizes=\"auto, (max-width: 1024px) 100vw, 1024px\" \/><\/figure>\n\n\n\n<figure class=\"wp-block-image size-large\"><img loading=\"lazy\" decoding=\"async\" width=\"1024\" height=\"936\" data-id=\"652\" src=\"https:\/\/scnucet.ro\/wp-content\/uploads\/2024\/06\/20230822_100136-1-1024x936.jpg\" alt=\"\" class=\"wp-image-652\" srcset=\"https:\/\/scnucet.ro\/wp-content\/uploads\/2024\/06\/20230822_100136-1-1024x936.jpg 1024w, https:\/\/scnucet.ro\/wp-content\/uploads\/2024\/06\/20230822_100136-1-300x274.jpg 300w, https:\/\/scnucet.ro\/wp-content\/uploads\/2024\/06\/20230822_100136-1-768x702.jpg 768w, https:\/\/scnucet.ro\/wp-content\/uploads\/2024\/06\/20230822_100136-1-1536x1403.jpg 1536w, https:\/\/scnucet.ro\/wp-content\/uploads\/2024\/06\/20230822_100136-1.jpg 1586w\" sizes=\"auto, (max-width: 1024px) 100vw, 1024px\" \/><\/figure>\n\n\n\n<figure class=\"wp-block-image size-large\"><img loading=\"lazy\" decoding=\"async\" width=\"1024\" height=\"573\" data-id=\"651\" src=\"https:\/\/scnucet.ro\/wp-content\/uploads\/2024\/06\/20230822_091531-1-1024x573.jpg\" alt=\"\" class=\"wp-image-651\" srcset=\"https:\/\/scnucet.ro\/wp-content\/uploads\/2024\/06\/20230822_091531-1-1024x573.jpg 1024w, https:\/\/scnucet.ro\/wp-content\/uploads\/2024\/06\/20230822_091531-1-300x168.jpg 300w, https:\/\/scnucet.ro\/wp-content\/uploads\/2024\/06\/20230822_091531-1-768x430.jpg 768w, https:\/\/scnucet.ro\/wp-content\/uploads\/2024\/06\/20230822_091531-1-1536x860.jpg 1536w, https:\/\/scnucet.ro\/wp-content\/uploads\/2024\/06\/20230822_091531-1-2048x1147.jpg 2048w\" sizes=\"auto, (max-width: 1024px) 100vw, 1024px\" \/><\/figure>\n\n\n\n<figure class=\"wp-block-image size-large\"><img loading=\"lazy\" decoding=\"async\" width=\"721\" height=\"1024\" data-id=\"650\" src=\"https:\/\/scnucet.ro\/wp-content\/uploads\/2024\/06\/20230822_091519-1-721x1024.jpg\" alt=\"\" class=\"wp-image-650\" srcset=\"https:\/\/scnucet.ro\/wp-content\/uploads\/2024\/06\/20230822_091519-1-721x1024.jpg 721w, https:\/\/scnucet.ro\/wp-content\/uploads\/2024\/06\/20230822_091519-1-211x300.jpg 211w, https:\/\/scnucet.ro\/wp-content\/uploads\/2024\/06\/20230822_091519-1-768x1091.jpg 768w, https:\/\/scnucet.ro\/wp-content\/uploads\/2024\/06\/20230822_091519-1-1081x1536.jpg 1081w, https:\/\/scnucet.ro\/wp-content\/uploads\/2024\/06\/20230822_091519-1-1441x2048.jpg 1441w, https:\/\/scnucet.ro\/wp-content\/uploads\/2024\/06\/20230822_091519-1-scaled.jpg 1802w\" sizes=\"auto, (max-width: 721px) 100vw, 721px\" \/><\/figure>\n\n\n\n<figure class=\"wp-block-image size-large\"><img loading=\"lazy\" decoding=\"async\" width=\"1024\" height=\"556\" data-id=\"649\" src=\"https:\/\/scnucet.ro\/wp-content\/uploads\/2024\/06\/20230821_171417-1024x556.jpg\" alt=\"\" class=\"wp-image-649\" srcset=\"https:\/\/scnucet.ro\/wp-content\/uploads\/2024\/06\/20230821_171417-1024x556.jpg 1024w, https:\/\/scnucet.ro\/wp-content\/uploads\/2024\/06\/20230821_171417-300x163.jpg 300w, https:\/\/scnucet.ro\/wp-content\/uploads\/2024\/06\/20230821_171417-768x417.jpg 768w, https:\/\/scnucet.ro\/wp-content\/uploads\/2024\/06\/20230821_171417-1536x834.jpg 1536w, https:\/\/scnucet.ro\/wp-content\/uploads\/2024\/06\/20230821_171417-2048x1112.jpg 2048w\" sizes=\"auto, (max-width: 1024px) 100vw, 1024px\" \/><\/figure>\n\n\n\n<figure class=\"wp-block-image size-large\"><img loading=\"lazy\" decoding=\"async\" width=\"793\" height=\"1024\" data-id=\"648\" src=\"https:\/\/scnucet.ro\/wp-content\/uploads\/2024\/06\/20230821_170758-793x1024.jpg\" alt=\"\" class=\"wp-image-648\" srcset=\"https:\/\/scnucet.ro\/wp-content\/uploads\/2024\/06\/20230821_170758-793x1024.jpg 793w, https:\/\/scnucet.ro\/wp-content\/uploads\/2024\/06\/20230821_170758-232x300.jpg 232w, https:\/\/scnucet.ro\/wp-content\/uploads\/2024\/06\/20230821_170758-768x992.jpg 768w, https:\/\/scnucet.ro\/wp-content\/uploads\/2024\/06\/20230821_170758-1189x1536.jpg 1189w, https:\/\/scnucet.ro\/wp-content\/uploads\/2024\/06\/20230821_170758-1585x2048.jpg 1585w, https:\/\/scnucet.ro\/wp-content\/uploads\/2024\/06\/20230821_170758-scaled.jpg 1982w\" sizes=\"auto, (max-width: 793px) 100vw, 793px\" \/><\/figure>\n\n\n\n<figure class=\"wp-block-image size-large\"><img loading=\"lazy\" decoding=\"async\" width=\"1024\" height=\"711\" data-id=\"647\" src=\"https:\/\/scnucet.ro\/wp-content\/uploads\/2024\/06\/20230821_170518-1024x711.jpg\" alt=\"\" class=\"wp-image-647\" srcset=\"https:\/\/scnucet.ro\/wp-content\/uploads\/2024\/06\/20230821_170518-1024x711.jpg 1024w, https:\/\/scnucet.ro\/wp-content\/uploads\/2024\/06\/20230821_170518-300x208.jpg 300w, https:\/\/scnucet.ro\/wp-content\/uploads\/2024\/06\/20230821_170518-768x533.jpg 768w, https:\/\/scnucet.ro\/wp-content\/uploads\/2024\/06\/20230821_170518-1536x1066.jpg 1536w, https:\/\/scnucet.ro\/wp-content\/uploads\/2024\/06\/20230821_170518-2048x1421.jpg 2048w\" sizes=\"auto, (max-width: 1024px) 100vw, 1024px\" \/><\/figure>\n\n\n\n<figure class=\"wp-block-image size-large\"><img loading=\"lazy\" decoding=\"async\" width=\"733\" height=\"1024\" data-id=\"646\" src=\"https:\/\/scnucet.ro\/wp-content\/uploads\/2024\/06\/20230821_170158-733x1024.jpg\" alt=\"\" class=\"wp-image-646\" srcset=\"https:\/\/scnucet.ro\/wp-content\/uploads\/2024\/06\/20230821_170158-733x1024.jpg 733w, https:\/\/scnucet.ro\/wp-content\/uploads\/2024\/06\/20230821_170158-215x300.jpg 215w, https:\/\/scnucet.ro\/wp-content\/uploads\/2024\/06\/20230821_170158-768x1073.jpg 768w, https:\/\/scnucet.ro\/wp-content\/uploads\/2024\/06\/20230821_170158-1100x1536.jpg 1100w, https:\/\/scnucet.ro\/wp-content\/uploads\/2024\/06\/20230821_170158-1466x2048.jpg 1466w, https:\/\/scnucet.ro\/wp-content\/uploads\/2024\/06\/20230821_170158.jpg 1611w\" sizes=\"auto, (max-width: 733px) 100vw, 733px\" \/><\/figure>\n\n\n\n<figure class=\"wp-block-image size-large\"><img loading=\"lazy\" decoding=\"async\" width=\"801\" height=\"1024\" data-id=\"645\" src=\"https:\/\/scnucet.ro\/wp-content\/uploads\/2024\/06\/20230821_161301-801x1024.jpg\" alt=\"\" class=\"wp-image-645\" srcset=\"https:\/\/scnucet.ro\/wp-content\/uploads\/2024\/06\/20230821_161301-801x1024.jpg 801w, https:\/\/scnucet.ro\/wp-content\/uploads\/2024\/06\/20230821_161301-235x300.jpg 235w, https:\/\/scnucet.ro\/wp-content\/uploads\/2024\/06\/20230821_161301-768x981.jpg 768w, https:\/\/scnucet.ro\/wp-content\/uploads\/2024\/06\/20230821_161301-1202x1536.jpg 1202w, https:\/\/scnucet.ro\/wp-content\/uploads\/2024\/06\/20230821_161301-1603x2048.jpg 1603w, https:\/\/scnucet.ro\/wp-content\/uploads\/2024\/06\/20230821_161301-scaled.jpg 2004w\" sizes=\"auto, (max-width: 801px) 100vw, 801px\" \/><\/figure>\n\n\n\n<figure class=\"wp-block-image size-large\"><img loading=\"lazy\" decoding=\"async\" width=\"1024\" height=\"694\" data-id=\"644\" src=\"https:\/\/scnucet.ro\/wp-content\/uploads\/2024\/06\/20230811_115140-1024x694.jpg\" alt=\"\" class=\"wp-image-644\" srcset=\"https:\/\/scnucet.ro\/wp-content\/uploads\/2024\/06\/20230811_115140-1024x694.jpg 1024w, https:\/\/scnucet.ro\/wp-content\/uploads\/2024\/06\/20230811_115140-300x203.jpg 300w, https:\/\/scnucet.ro\/wp-content\/uploads\/2024\/06\/20230811_115140-768x521.jpg 768w, https:\/\/scnucet.ro\/wp-content\/uploads\/2024\/06\/20230811_115140-1536x1041.jpg 1536w, https:\/\/scnucet.ro\/wp-content\/uploads\/2024\/06\/20230811_115140-2048x1388.jpg 2048w\" sizes=\"auto, (max-width: 1024px) 100vw, 1024px\" \/><\/figure>\n\n\n\n<figure class=\"wp-block-image size-large\"><img loading=\"lazy\" decoding=\"async\" width=\"906\" height=\"1024\" data-id=\"643\" src=\"https:\/\/scnucet.ro\/wp-content\/uploads\/2024\/06\/20230713_105118-906x1024.jpg\" alt=\"\" class=\"wp-image-643\" srcset=\"https:\/\/scnucet.ro\/wp-content\/uploads\/2024\/06\/20230713_105118-906x1024.jpg 906w, https:\/\/scnucet.ro\/wp-content\/uploads\/2024\/06\/20230713_105118-265x300.jpg 265w, https:\/\/scnucet.ro\/wp-content\/uploads\/2024\/06\/20230713_105118-768x868.jpg 768w, https:\/\/scnucet.ro\/wp-content\/uploads\/2024\/06\/20230713_105118-1359x1536.jpg 1359w, https:\/\/scnucet.ro\/wp-content\/uploads\/2024\/06\/20230713_105118-1812x2048.jpg 1812w\" sizes=\"auto, (max-width: 906px) 100vw, 906px\" \/><\/figure>\n\n\n\n<figure class=\"wp-block-image size-large\"><img loading=\"lazy\" decoding=\"async\" width=\"1024\" height=\"860\" data-id=\"642\" src=\"https:\/\/scnucet.ro\/wp-content\/uploads\/2024\/06\/20230711_121738-1024x860.jpg\" alt=\"\" class=\"wp-image-642\" srcset=\"https:\/\/scnucet.ro\/wp-content\/uploads\/2024\/06\/20230711_121738-1024x860.jpg 1024w, https:\/\/scnucet.ro\/wp-content\/uploads\/2024\/06\/20230711_121738-300x252.jpg 300w, https:\/\/scnucet.ro\/wp-content\/uploads\/2024\/06\/20230711_121738-768x645.jpg 768w, https:\/\/scnucet.ro\/wp-content\/uploads\/2024\/06\/20230711_121738-1536x1290.jpg 1536w, https:\/\/scnucet.ro\/wp-content\/uploads\/2024\/06\/20230711_121738-2048x1721.jpg 2048w\" sizes=\"auto, (max-width: 1024px) 100vw, 1024px\" \/><\/figure>\n\n\n\n<figure class=\"wp-block-image size-large\"><img loading=\"lazy\" decoding=\"async\" width=\"1024\" height=\"791\" data-id=\"641\" src=\"https:\/\/scnucet.ro\/wp-content\/uploads\/2024\/06\/20230711_121731-1024x791.jpg\" alt=\"\" class=\"wp-image-641\" srcset=\"https:\/\/scnucet.ro\/wp-content\/uploads\/2024\/06\/20230711_121731-1024x791.jpg 1024w, https:\/\/scnucet.ro\/wp-content\/uploads\/2024\/06\/20230711_121731-300x232.jpg 300w, https:\/\/scnucet.ro\/wp-content\/uploads\/2024\/06\/20230711_121731-768x593.jpg 768w, https:\/\/scnucet.ro\/wp-content\/uploads\/2024\/06\/20230711_121731-1536x1187.jpg 1536w, https:\/\/scnucet.ro\/wp-content\/uploads\/2024\/06\/20230711_121731-2048x1582.jpg 2048w\" sizes=\"auto, (max-width: 1024px) 100vw, 1024px\" \/><\/figure>\n\n\n\n<figure class=\"wp-block-image size-large\"><img loading=\"lazy\" decoding=\"async\" width=\"1024\" height=\"525\" data-id=\"640\" src=\"https:\/\/scnucet.ro\/wp-content\/uploads\/2024\/06\/20230711_120859-1024x525.jpg\" alt=\"\" class=\"wp-image-640\" srcset=\"https:\/\/scnucet.ro\/wp-content\/uploads\/2024\/06\/20230711_120859-1024x525.jpg 1024w, https:\/\/scnucet.ro\/wp-content\/uploads\/2024\/06\/20230711_120859-300x154.jpg 300w, https:\/\/scnucet.ro\/wp-content\/uploads\/2024\/06\/20230711_120859-768x394.jpg 768w, https:\/\/scnucet.ro\/wp-content\/uploads\/2024\/06\/20230711_120859-1536x787.jpg 1536w, https:\/\/scnucet.ro\/wp-content\/uploads\/2024\/06\/20230711_120859-2048x1050.jpg 2048w\" sizes=\"auto, (max-width: 1024px) 100vw, 1024px\" \/><\/figure>\n\n\n\n<figure class=\"wp-block-image size-large\"><img loading=\"lazy\" decoding=\"async\" width=\"1024\" height=\"948\" data-id=\"639\" src=\"https:\/\/scnucet.ro\/wp-content\/uploads\/2024\/06\/20230711_120605-1024x948.jpg\" alt=\"\" class=\"wp-image-639\" srcset=\"https:\/\/scnucet.ro\/wp-content\/uploads\/2024\/06\/20230711_120605-1024x948.jpg 1024w, https:\/\/scnucet.ro\/wp-content\/uploads\/2024\/06\/20230711_120605-300x278.jpg 300w, https:\/\/scnucet.ro\/wp-content\/uploads\/2024\/06\/20230711_120605-768x711.jpg 768w, https:\/\/scnucet.ro\/wp-content\/uploads\/2024\/06\/20230711_120605-1536x1423.jpg 1536w, https:\/\/scnucet.ro\/wp-content\/uploads\/2024\/06\/20230711_120605-2048x1897.jpg 2048w\" sizes=\"auto, (max-width: 1024px) 100vw, 1024px\" \/><\/figure>\n\n\n\n<figure class=\"wp-block-image size-large\"><img loading=\"lazy\" decoding=\"async\" width=\"1024\" height=\"748\" data-id=\"638\" src=\"https:\/\/scnucet.ro\/wp-content\/uploads\/2024\/06\/20230711_120404-1024x748.jpg\" alt=\"\" class=\"wp-image-638\" srcset=\"https:\/\/scnucet.ro\/wp-content\/uploads\/2024\/06\/20230711_120404-1024x748.jpg 1024w, https:\/\/scnucet.ro\/wp-content\/uploads\/2024\/06\/20230711_120404-300x219.jpg 300w, https:\/\/scnucet.ro\/wp-content\/uploads\/2024\/06\/20230711_120404-768x561.jpg 768w, https:\/\/scnucet.ro\/wp-content\/uploads\/2024\/06\/20230711_120404-1536x1122.jpg 1536w, https:\/\/scnucet.ro\/wp-content\/uploads\/2024\/06\/20230711_120404-2048x1495.jpg 2048w\" sizes=\"auto, (max-width: 1024px) 100vw, 1024px\" \/><\/figure>\n\n\n\n<figure class=\"wp-block-image size-large\"><img loading=\"lazy\" decoding=\"async\" width=\"768\" height=\"1024\" data-id=\"637\" src=\"https:\/\/scnucet.ro\/wp-content\/uploads\/2024\/06\/20230711_115407-768x1024.jpg\" alt=\"\" class=\"wp-image-637\" srcset=\"https:\/\/scnucet.ro\/wp-content\/uploads\/2024\/06\/20230711_115407-768x1024.jpg 768w, https:\/\/scnucet.ro\/wp-content\/uploads\/2024\/06\/20230711_115407-225x300.jpg 225w, https:\/\/scnucet.ro\/wp-content\/uploads\/2024\/06\/20230711_115407-1152x1536.jpg 1152w, https:\/\/scnucet.ro\/wp-content\/uploads\/2024\/06\/20230711_115407-1536x2048.jpg 1536w, https:\/\/scnucet.ro\/wp-content\/uploads\/2024\/06\/20230711_115407-scaled.jpg 1920w\" sizes=\"auto, (max-width: 768px) 100vw, 768px\" \/><\/figure>\n\n\n\n<figure class=\"wp-block-image size-large\"><img loading=\"lazy\" decoding=\"async\" width=\"1024\" height=\"643\" data-id=\"635\" src=\"https:\/\/scnucet.ro\/wp-content\/uploads\/2024\/06\/20230823_161936-1024x643.jpg\" alt=\"\" class=\"wp-image-635\" srcset=\"https:\/\/scnucet.ro\/wp-content\/uploads\/2024\/06\/20230823_161936-1024x643.jpg 1024w, https:\/\/scnucet.ro\/wp-content\/uploads\/2024\/06\/20230823_161936-300x188.jpg 300w, https:\/\/scnucet.ro\/wp-content\/uploads\/2024\/06\/20230823_161936-768x482.jpg 768w, https:\/\/scnucet.ro\/wp-content\/uploads\/2024\/06\/20230823_161936-1536x964.jpg 1536w, https:\/\/scnucet.ro\/wp-content\/uploads\/2024\/06\/20230823_161936-2048x1286.jpg 2048w\" sizes=\"auto, (max-width: 1024px) 100vw, 1024px\" \/><\/figure>\n\n\n\n<figure class=\"wp-block-image size-large\"><img loading=\"lazy\" decoding=\"async\" width=\"1024\" height=\"473\" data-id=\"634\" src=\"https:\/\/scnucet.ro\/wp-content\/uploads\/2024\/06\/20230822_200752-1024x473.jpg\" alt=\"\" class=\"wp-image-634\" srcset=\"https:\/\/scnucet.ro\/wp-content\/uploads\/2024\/06\/20230822_200752-1024x473.jpg 1024w, https:\/\/scnucet.ro\/wp-content\/uploads\/2024\/06\/20230822_200752-300x139.jpg 300w, https:\/\/scnucet.ro\/wp-content\/uploads\/2024\/06\/20230822_200752-768x355.jpg 768w, https:\/\/scnucet.ro\/wp-content\/uploads\/2024\/06\/20230822_200752-1536x710.jpg 1536w, https:\/\/scnucet.ro\/wp-content\/uploads\/2024\/06\/20230822_200752-2048x947.jpg 2048w\" sizes=\"auto, (max-width: 1024px) 100vw, 1024px\" \/><\/figure>\n\n\n\n<figure class=\"wp-block-image size-large\"><img loading=\"lazy\" decoding=\"async\" width=\"1024\" height=\"573\" data-id=\"633\" src=\"https:\/\/scnucet.ro\/wp-content\/uploads\/2024\/06\/20230822_091531-1024x573.jpg\" alt=\"\" class=\"wp-image-633\" srcset=\"https:\/\/scnucet.ro\/wp-content\/uploads\/2024\/06\/20230822_091531-1024x573.jpg 1024w, https:\/\/scnucet.ro\/wp-content\/uploads\/2024\/06\/20230822_091531-300x168.jpg 300w, https:\/\/scnucet.ro\/wp-content\/uploads\/2024\/06\/20230822_091531-768x430.jpg 768w, https:\/\/scnucet.ro\/wp-content\/uploads\/2024\/06\/20230822_091531-1536x860.jpg 1536w, https:\/\/scnucet.ro\/wp-content\/uploads\/2024\/06\/20230822_091531-2048x1147.jpg 2048w\" sizes=\"auto, (max-width: 1024px) 100vw, 1024px\" \/><\/figure>\n\n\n\n<figure class=\"wp-block-image size-large\"><img loading=\"lazy\" decoding=\"async\" width=\"1024\" height=\"565\" data-id=\"632\" src=\"https:\/\/scnucet.ro\/wp-content\/uploads\/2024\/06\/20230822_122033-1024x565.jpg\" alt=\"\" class=\"wp-image-632\" srcset=\"https:\/\/scnucet.ro\/wp-content\/uploads\/2024\/06\/20230822_122033-1024x565.jpg 1024w, https:\/\/scnucet.ro\/wp-content\/uploads\/2024\/06\/20230822_122033-300x166.jpg 300w, https:\/\/scnucet.ro\/wp-content\/uploads\/2024\/06\/20230822_122033-768x424.jpg 768w, https:\/\/scnucet.ro\/wp-content\/uploads\/2024\/06\/20230822_122033-1536x848.jpg 1536w, https:\/\/scnucet.ro\/wp-content\/uploads\/2024\/06\/20230822_122033-2048x1131.jpg 2048w\" sizes=\"auto, (max-width: 1024px) 100vw, 1024px\" \/><\/figure>\n\n\n\n<figure class=\"wp-block-image size-large\"><img loading=\"lazy\" decoding=\"async\" width=\"1024\" height=\"936\" data-id=\"631\" src=\"https:\/\/scnucet.ro\/wp-content\/uploads\/2024\/06\/20230822_100136-1024x936.jpg\" alt=\"\" class=\"wp-image-631\" srcset=\"https:\/\/scnucet.ro\/wp-content\/uploads\/2024\/06\/20230822_100136-1024x936.jpg 1024w, https:\/\/scnucet.ro\/wp-content\/uploads\/2024\/06\/20230822_100136-300x274.jpg 300w, https:\/\/scnucet.ro\/wp-content\/uploads\/2024\/06\/20230822_100136-768x702.jpg 768w, https:\/\/scnucet.ro\/wp-content\/uploads\/2024\/06\/20230822_100136-1536x1403.jpg 1536w, https:\/\/scnucet.ro\/wp-content\/uploads\/2024\/06\/20230822_100136.jpg 1586w\" sizes=\"auto, (max-width: 1024px) 100vw, 1024px\" \/><\/figure>\n<\/figure>\n","protected":false},"excerpt":{"rendered":"<p>Proiectul \u201dSM-ART &#8211; \u0218coala Modern\u0103 educ\u0103 prin Activit\u0103\u021bi Recreative Tematice, POCU\/987\/6.3\/6.6\/154098\u201d, s-a desf\u0103\u0219urat \u00een perioada 28.12.2022 \u2013 31.12.2023<\/p>\n","protected":false},"author":1,"featured_media":0,"parent":0,"menu_order":0,"comment_status":"closed","ping_status":"closed","template":"","meta":{"_acf_changed":false,"footnotes":""},"class_list":["post-623","page","type-page","status-publish","hentry"],"acf":[],"_links":{"self":[{"href":"https:\/\/scnucet.ro\/index.php\/wp-json\/wp\/v2\/pages\/623","targetHints":{"allow":["GET"]}}],"collection":[{"href":"https:\/\/scnucet.ro\/index.php\/wp-json\/wp\/v2\/pages"}],"about":[{"href":"https:\/\/scnucet.ro\/index.php\/wp-json\/wp\/v2\/types\/page"}],"author":[{"embeddable":true,"href":"https:\/\/scnucet.ro\/index.php\/wp-json\/wp\/v2\/users\/1"}],"replies":[{"embeddable":true,"href":"https:\/\/scnucet.ro\/index.php\/wp-json\/wp\/v2\/comments?post=623"}],"version-history":[{"count":3,"href":"https:\/\/scnucet.ro\/index.php\/wp-json\/wp\/v2\/pages\/623\/revisions"}],"predecessor-version":[{"id":654,"href":"https:\/\/scnucet.ro\/index.php\/wp-json\/wp\/v2\/pages\/623\/revisions\/654"}],"wp:attachment":[{"href":"https:\/\/scnucet.ro\/index.php\/wp-json\/wp\/v2\/media?parent=623"}],"curies":[{"name":"wp","href":"https:\/\/api.w.org\/{rel}","templated":true}]}}