{"id":611,"date":"2024-03-28T15:32:48","date_gmt":"2024-03-28T12:32:48","guid":{"rendered":"https:\/\/scnucet.ro\/?page_id=611"},"modified":"2025-03-23T13:19:12","modified_gmt":"2025-03-23T10:19:12","slug":"inscriere-invatamant-prescolar","status":"publish","type":"page","link":"https:\/\/scnucet.ro\/index.php\/inscriere-invatamant-prescolar\/","title":{"rendered":"\u00censcriere \u00eenv\u0103\u021b\u0103m\u00e2nt PRE\u0218COLAR"},"content":{"rendered":"\n<div class=\"wp-block-buttons is-layout-flex wp-block-buttons-is-layout-flex\">\n<div class=\"wp-block-button is-style-fill\"><a class=\"wp-block-button__link has-black-color has-pale-pink-background-color has-text-color has-background has-link-color wp-element-button\" href=\"https:\/\/scnucet.ro\/wp-content\/uploads\/2025\/03\/ORDIN-MEC-3436_2025-Calendar-Inscriere-Inv.-anteprescolar-prescolar.pdf\">ORDIN MEC 3436_2025 &#8211; INSCRIERE PRE\u0218COLARI ANTEPRE\u0218COLARI<\/a><\/div>\n\n\n\n<div class=\"wp-block-button\"><a class=\"wp-block-button__link has-luminous-dusk-gradient-background has-background wp-element-button\" href=\"https:\/\/scnucet.ro\/wp-content\/uploads\/2024\/03\/situatia-grupelor-si-locurilor.docx\">Situa\u021bia grupelor si locurilor<\/a><\/div>\n<\/div>\n","protected":false},"excerpt":{"rendered":"","protected":false},"author":1,"featured_media":0,"parent":0,"menu_order":0,"comment_status":"closed","ping_status":"closed","template":"","meta":{"_acf_changed":false,"footnotes":""},"class_list":["post-611","page","type-page","status-publish","hentry"],"acf":[],"_links":{"self":[{"href":"https:\/\/scnucet.ro\/index.php\/wp-json\/wp\/v2\/pages\/611","targetHints":{"allow":["GET"]}}],"collection":[{"href":"https:\/\/scnucet.ro\/index.php\/wp-json\/wp\/v2\/pages"}],"about":[{"href":"https:\/\/scnucet.ro\/index.php\/wp-json\/wp\/v2\/types\/page"}],"author":[{"embeddable":true,"href":"https:\/\/scnucet.ro\/index.php\/wp-json\/wp\/v2\/users\/1"}],"replies":[{"embeddable":true,"href":"https:\/\/scnucet.ro\/index.php\/wp-json\/wp\/v2\/comments?post=611"}],"version-history":[{"count":4,"href":"https:\/\/scnucet.ro\/index.php\/wp-json\/wp\/v2\/pages\/611\/revisions"}],"predecessor-version":[{"id":898,"href":"https:\/\/scnucet.ro\/index.php\/wp-json\/wp\/v2\/pages\/611\/revisions\/898"}],"wp:attachment":[{"href":"https:\/\/scnucet.ro\/index.php\/wp-json\/wp\/v2\/media?parent=611"}],"curies":[{"name":"wp","href":"https:\/\/api.w.org\/{rel}","templated":true}]}}