{"id":433,"date":"2023-11-09T21:26:11","date_gmt":"2023-11-09T18:26:11","guid":{"rendered":"https:\/\/scnucet.ro\/?page_id=433"},"modified":"2025-04-03T09:09:02","modified_gmt":"2025-04-03T06:09:02","slug":"saptamana-verde-2","status":"publish","type":"page","link":"https:\/\/scnucet.ro\/index.php\/saptamana-verde-2\/","title":{"rendered":"S\u0103pt\u0103m\u00e2na Verde"},"content":{"rendered":"\n<div class=\"wp-block-buttons is-layout-flex wp-block-buttons-is-layout-flex\"><\/div>\n\n\n\n<div class=\"wp-block-buttons is-layout-flex wp-block-buttons-is-layout-flex\">\n<div class=\"wp-block-button\"><a class=\"wp-block-button__link has-vivid-green-cyan-background-color has-background wp-element-button\" href=\"https:\/\/scnucet.ro\/wp-content\/uploads\/2024\/10\/ORDIN_ME_4448_2024_-_METODOLOGIE_SPTMANA_VERDE.pdf\">Metodologie Saptamana Verde<\/a><\/div>\n<\/div>\n\n\n\n<div class=\"wp-block-buttons is-layout-flex wp-block-buttons-is-layout-flex\"><\/div>\n\n\n\n<hr class=\"wp-block-separator has-alpha-channel-opacity\"\/>\n\n\n\n<figure class=\"wp-block-gallery has-nested-images columns-default is-cropped wp-block-gallery-1 is-layout-flex wp-block-gallery-is-layout-flex\">\n<figure class=\"wp-block-image size-large\"><img loading=\"lazy\" decoding=\"async\" width=\"1024\" height=\"768\" data-id=\"909\" src=\"https:\/\/scnucet.ro\/wp-content\/uploads\/2025\/04\/WhatsApp-Image-2025-04-02-at-21.22.50-1-1024x768.jpeg\" alt=\"\" class=\"wp-image-909\" srcset=\"https:\/\/scnucet.ro\/wp-content\/uploads\/2025\/04\/WhatsApp-Image-2025-04-02-at-21.22.50-1-1024x768.jpeg 1024w, https:\/\/scnucet.ro\/wp-content\/uploads\/2025\/04\/WhatsApp-Image-2025-04-02-at-21.22.50-1-300x225.jpeg 300w, https:\/\/scnucet.ro\/wp-content\/uploads\/2025\/04\/WhatsApp-Image-2025-04-02-at-21.22.50-1-768x576.jpeg 768w, https:\/\/scnucet.ro\/wp-content\/uploads\/2025\/04\/WhatsApp-Image-2025-04-02-at-21.22.50-1-1536x1152.jpeg 1536w, https:\/\/scnucet.ro\/wp-content\/uploads\/2025\/04\/WhatsApp-Image-2025-04-02-at-21.22.50-1.jpeg 2016w\" sizes=\"auto, (max-width: 1024px) 100vw, 1024px\" \/><\/figure>\n\n\n\n<figure class=\"wp-block-image size-large\"><img loading=\"lazy\" decoding=\"async\" width=\"1024\" height=\"768\" data-id=\"908\" src=\"https:\/\/scnucet.ro\/wp-content\/uploads\/2025\/04\/WhatsApp-Image-2025-04-02-at-21.22.50-2-1024x768.jpeg\" alt=\"\" class=\"wp-image-908\" srcset=\"https:\/\/scnucet.ro\/wp-content\/uploads\/2025\/04\/WhatsApp-Image-2025-04-02-at-21.22.50-2-1024x768.jpeg 1024w, https:\/\/scnucet.ro\/wp-content\/uploads\/2025\/04\/WhatsApp-Image-2025-04-02-at-21.22.50-2-300x225.jpeg 300w, https:\/\/scnucet.ro\/wp-content\/uploads\/2025\/04\/WhatsApp-Image-2025-04-02-at-21.22.50-2-768x576.jpeg 768w, https:\/\/scnucet.ro\/wp-content\/uploads\/2025\/04\/WhatsApp-Image-2025-04-02-at-21.22.50-2-1536x1152.jpeg 1536w, https:\/\/scnucet.ro\/wp-content\/uploads\/2025\/04\/WhatsApp-Image-2025-04-02-at-21.22.50-2.jpeg 2016w\" sizes=\"auto, (max-width: 1024px) 100vw, 1024px\" \/><\/figure>\n\n\n\n<figure class=\"wp-block-image size-large\"><img loading=\"lazy\" decoding=\"async\" width=\"768\" height=\"1024\" data-id=\"907\" src=\"https:\/\/scnucet.ro\/wp-content\/uploads\/2025\/04\/WhatsApp-Image-2025-04-02-at-21.22.50-3-768x1024.jpeg\" alt=\"\" class=\"wp-image-907\" srcset=\"https:\/\/scnucet.ro\/wp-content\/uploads\/2025\/04\/WhatsApp-Image-2025-04-02-at-21.22.50-3-768x1024.jpeg 768w, https:\/\/scnucet.ro\/wp-content\/uploads\/2025\/04\/WhatsApp-Image-2025-04-02-at-21.22.50-3-225x300.jpeg 225w, https:\/\/scnucet.ro\/wp-content\/uploads\/2025\/04\/WhatsApp-Image-2025-04-02-at-21.22.50-3-1152x1536.jpeg 1152w, https:\/\/scnucet.ro\/wp-content\/uploads\/2025\/04\/WhatsApp-Image-2025-04-02-at-21.22.50-3.jpeg 1512w\" sizes=\"auto, (max-width: 768px) 100vw, 768px\" \/><\/figure>\n\n\n\n<figure class=\"wp-block-image size-large\"><img loading=\"lazy\" decoding=\"async\" width=\"1024\" height=\"768\" data-id=\"910\" src=\"https:\/\/scnucet.ro\/wp-content\/uploads\/2025\/04\/WhatsApp-Image-2025-04-02-at-21.22.50-1024x768.jpeg\" alt=\"\" class=\"wp-image-910\" srcset=\"https:\/\/scnucet.ro\/wp-content\/uploads\/2025\/04\/WhatsApp-Image-2025-04-02-at-21.22.50-1024x768.jpeg 1024w, https:\/\/scnucet.ro\/wp-content\/uploads\/2025\/04\/WhatsApp-Image-2025-04-02-at-21.22.50-300x225.jpeg 300w, https:\/\/scnucet.ro\/wp-content\/uploads\/2025\/04\/WhatsApp-Image-2025-04-02-at-21.22.50-768x576.jpeg 768w, https:\/\/scnucet.ro\/wp-content\/uploads\/2025\/04\/WhatsApp-Image-2025-04-02-at-21.22.50-1536x1152.jpeg 1536w, https:\/\/scnucet.ro\/wp-content\/uploads\/2025\/04\/WhatsApp-Image-2025-04-02-at-21.22.50.jpeg 2016w\" sizes=\"auto, (max-width: 1024px) 100vw, 1024px\" \/><\/figure>\n<\/figure>\n","protected":false},"excerpt":{"rendered":"","protected":false},"author":1,"featured_media":0,"parent":0,"menu_order":0,"comment_status":"closed","ping_status":"closed","template":"","meta":{"_acf_changed":false,"footnotes":""},"class_list":["post-433","page","type-page","status-publish","hentry"],"acf":[],"_links":{"self":[{"href":"https:\/\/scnucet.ro\/index.php\/wp-json\/wp\/v2\/pages\/433","targetHints":{"allow":["GET"]}}],"collection":[{"href":"https:\/\/scnucet.ro\/index.php\/wp-json\/wp\/v2\/pages"}],"about":[{"href":"https:\/\/scnucet.ro\/index.php\/wp-json\/wp\/v2\/types\/page"}],"author":[{"embeddable":true,"href":"https:\/\/scnucet.ro\/index.php\/wp-json\/wp\/v2\/users\/1"}],"replies":[{"embeddable":true,"href":"https:\/\/scnucet.ro\/index.php\/wp-json\/wp\/v2\/comments?post=433"}],"version-history":[{"count":8,"href":"https:\/\/scnucet.ro\/index.php\/wp-json\/wp\/v2\/pages\/433\/revisions"}],"predecessor-version":[{"id":957,"href":"https:\/\/scnucet.ro\/index.php\/wp-json\/wp\/v2\/pages\/433\/revisions\/957"}],"wp:attachment":[{"href":"https:\/\/scnucet.ro\/index.php\/wp-json\/wp\/v2\/media?parent=433"}],"curies":[{"name":"wp","href":"https:\/\/api.w.org\/{rel}","templated":true}]}}