{"id":23,"date":"2020-10-10T20:57:24","date_gmt":"2020-10-10T17:57:24","guid":{"rendered":"http:\/\/scnucet.ro\/?page_id=23"},"modified":"2024-11-08T20:09:40","modified_gmt":"2024-11-08T17:09:40","slug":"cadre-didactice","status":"publish","type":"page","link":"https:\/\/scnucet.ro\/index.php\/cadre-didactice\/","title":{"rendered":"Cadre didactice"},"content":{"rendered":"\n<figure class=\"wp-block-table is-style-stripes\"><table class=\"has-vivid-cyan-blue-color has-white-background-color has-text-color has-background\"><tbody><tr><td><strong>Nr.<\/strong><br><strong>crt<\/strong><\/td><td class=\"has-text-align-center\" data-align=\"center\"><strong>Numele \u0219i<\/strong><br><strong>prenumele<\/strong><\/td><td class=\"has-text-align-center\" data-align=\"center\"><strong>Func\u021bia<\/strong><\/td><td><strong>Specialitatea<\/strong><\/td><\/tr><tr><td>1<\/td><td class=\"has-text-align-center\" data-align=\"center\">Matei Nicoleta-Otilia<\/td><td class=\"has-text-align-center\" data-align=\"center\">Profesor\/director<\/td><td>Fizic\u0103 \u2013 chimie<\/td><\/tr><tr><td>2<\/td><td class=\"has-text-align-center\" data-align=\"center\">Gheorghe Silvia<\/td><td class=\"has-text-align-center\" data-align=\"center\">Profesor\/director adj.<\/td><td>Matematic\u0103<\/td><\/tr><tr><td>3<\/td><td class=\"has-text-align-center\" data-align=\"center\">Petre Georgeta-Magdalena<\/td><td class=\"has-text-align-center\" data-align=\"center\">Prof. \u00eenv\u0103\u021b\u0103m\u00e2nt pre\u0219colar<\/td><td>&nbsp;<\/td><\/tr><tr><td>4<\/td><td class=\"has-text-align-center\" data-align=\"center\">Sanda Ileana<\/td><td class=\"has-text-align-center\" data-align=\"center\">Prof. \u00eenv\u0103\u021b\u0103m\u00e2nt pre\u0219colar<\/td><td>&nbsp;<\/td><\/tr><tr><td>5<\/td><td class=\"has-text-align-center\" data-align=\"center\">Manta Mihaela-Angelica<\/td><td class=\"has-text-align-center\" data-align=\"center\">Prof. \u00eenv\u0103\u021b\u0103m\u00e2nt pre\u0219colar<\/td><td>&nbsp;<\/td><\/tr><tr><td>6<\/td><td class=\"has-text-align-center\" data-align=\"center\">Constantin Veronica<\/td><td class=\"has-text-align-center\" data-align=\"center\">Prof. \u00eenv\u0103\u021b\u0103m\u00e2nt pre\u0219colar<\/td><td>&nbsp;<\/td><\/tr><tr><td>7<\/td><td class=\"has-text-align-center\" data-align=\"center\">V\u0103lu Elisa Angela<\/td><td class=\"has-text-align-center\" data-align=\"center\">Educatoare<\/td><td>&nbsp;<\/td><\/tr><tr><td>8<\/td><td class=\"has-text-align-center\" data-align=\"center\">Bunea Roxana Maria<\/td><td class=\"has-text-align-center\" data-align=\"center\">Prof. \u00eenv\u0103\u021b\u0103m\u00e2nt primar<\/td><td>&nbsp;<\/td><\/tr><tr><td>9<\/td><td class=\"has-text-align-center\" data-align=\"center\">Cristea Elena-Florina<\/td><td class=\"has-text-align-center\" data-align=\"center\">Prof. \u00eenv\u0103\u021b\u0103m\u00e2nt primar<\/td><td>&nbsp;<\/td><\/tr><tr><td>10<\/td><td class=\"has-text-align-center\" data-align=\"center\">Gheorghe Mariana<\/td><td class=\"has-text-align-center\" data-align=\"center\">Prof. \u00eenv\u0103\u021b\u0103m\u00e2nt primar<\/td><td>&nbsp;<\/td><\/tr><tr><td>11<\/td><td class=\"has-text-align-center\" data-align=\"center\">Lungu Florina Laura<\/td><td class=\"has-text-align-center\" data-align=\"center\">Prof. \u00eenv\u0103\u021b\u0103m\u00e2nt primar<\/td><td>&nbsp;<\/td><\/tr><tr><td>12<\/td><td class=\"has-text-align-center\" data-align=\"center\">Mincu Denisa Florentina<\/td><td class=\"has-text-align-center\" data-align=\"center\">\u00cenv\u0103\u021b\u0103toare <\/td><td>&nbsp;<\/td><\/tr><tr><td>13<\/td><td class=\"has-text-align-center\" data-align=\"center\">Dinu Cristina-Elena<\/td><td class=\"has-text-align-center\" data-align=\"center\">Prof. \u00eenv\u0103\u021b\u0103m\u00e2nt primar<\/td><td>&nbsp;<\/td><\/tr><tr><td>14<\/td><td class=\"has-text-align-center\" data-align=\"center\">St\u0103nescu Monica<\/td><td class=\"has-text-align-center\" data-align=\"center\">Prof. \u00eenv\u0103\u021b\u0103m\u00e2nt primar<\/td><td>&nbsp;<\/td><\/tr><tr><td>15<\/td><td class=\"has-text-align-center\" data-align=\"center\">Enache Mihaela Elena<\/td><td class=\"has-text-align-center\" data-align=\"center\">Prof. \u00eenv\u0103\u021b\u0103m\u00e2nt primar<\/td><td>&nbsp;<\/td><\/tr><tr><td>16<\/td><td class=\"has-text-align-center\" data-align=\"center\">Minciunescu Ana Maria<\/td><td class=\"has-text-align-center\" data-align=\"center\">Prof. \u00eenv\u0103\u021b\u0103m\u00e2nt primar<\/td><td>&nbsp;<\/td><\/tr><tr><td>17<\/td><td class=\"has-text-align-center\" data-align=\"center\">Barbu Daniela<\/td><td class=\"has-text-align-center\" data-align=\"center\">Prof. \u00eenv\u0103\u021b\u0103m\u00e2nt primar<\/td><td>&nbsp;<\/td><\/tr><tr><td>18<\/td><td class=\"has-text-align-center\" data-align=\"center\">Neagu Liliana<\/td><td class=\"has-text-align-center\" data-align=\"center\">Prof. \u00eenv\u0103\u021b\u0103m\u00e2nt primar<\/td><td>&nbsp;<\/td><\/tr><tr><td>19<\/td><td class=\"has-text-align-center\" data-align=\"center\">Miu Emilian<\/td><td class=\"has-text-align-center\" data-align=\"center\">Profesor<\/td><td>Ed. Fizic\u0103 \u0219i sport<\/td><\/tr><tr><td>20<\/td><td class=\"has-text-align-center\" data-align=\"center\">Grigore Diana<\/td><td class=\"has-text-align-center\" data-align=\"center\">Profesor<\/td><td>Lb. rom\u00e2n\u0103<\/td><\/tr><tr><td>21<\/td><td class=\"has-text-align-center\" data-align=\"center\">Dulea Alina<\/td><td class=\"has-text-align-center\" data-align=\"center\">Profesor<\/td><td>Lb. rom\u00e2n\u0103<\/td><\/tr><tr><td>22<\/td><td class=\"has-text-align-center\" data-align=\"center\">Constantin Mariana<\/td><td class=\"has-text-align-center\" data-align=\"center\">Profesor<\/td><td>Lb. englez\u0103<\/td><\/tr><tr><td>23<\/td><td class=\"has-text-align-center\" data-align=\"center\">Geamba\u0219u Georgiana<\/td><td class=\"has-text-align-center\" data-align=\"center\">Profesor<\/td><td>Lb. englez\u0103<\/td><\/tr><tr><td>24<\/td><td class=\"has-text-align-center\" data-align=\"center\">C\u00e2rstian Maria-Izabela<\/td><td class=\"has-text-align-center\" data-align=\"center\">Profesor<\/td><td>Lb. francez\u0103<\/td><\/tr><tr><td>25<\/td><td class=\"has-text-align-center\" data-align=\"center\">Iana Georgeta-Claudia<\/td><td class=\"has-text-align-center\" data-align=\"center\">Profesor<\/td><td>Istorie \u2013 Geografie<\/td><\/tr><tr><td>26<\/td><td class=\"has-text-align-center\" data-align=\"center\">Chi\u021bulescu Lili Magdalena<\/td><td class=\"has-text-align-center\" data-align=\"center\">Profesor<\/td><td>Istorie \u2013 geografie<\/td><\/tr><tr><td>27<\/td><td class=\"has-text-align-center\" data-align=\"center\">Ungureanu Ionela<\/td><td class=\"has-text-align-center\" data-align=\"center\">Profesor<\/td><td>Matematic\u0103-Biologie<\/td><\/tr><tr><td>28<\/td><td class=\"has-text-align-center\" data-align=\"center\">Ana Eremia Elena<\/td><td class=\"has-text-align-center\" data-align=\"center\">Profesor<\/td><td>Ed. social\u0103<\/td><\/tr><tr><td>29<\/td><td class=\"has-text-align-center\" data-align=\"center\">C\u0103lin Alexandra Mariana<\/td><td class=\"has-text-align-center\" data-align=\"center\">Profesor<\/td><td>Educa\u021bie tehnologic\u0103<\/td><\/tr><tr><td>30<\/td><td class=\"has-text-align-center\" data-align=\"center\">Vi\u0219an Alina Georgiana<\/td><td class=\"has-text-align-center\" data-align=\"center\">Profesor<\/td><td>Ed. fizic\u0103 \u0219i sport<\/td><\/tr><tr><td>31<\/td><td class=\"has-text-align-center\" data-align=\"center\">M\u0103noiu Maria Mirabela<\/td><td class=\"has-text-align-center\" data-align=\"center\">Profesor<\/td><td>Biologie<\/td><\/tr><tr><td>32<\/td><td class=\"has-text-align-center\" data-align=\"center\">Mezei Andras-Sergiu<\/td><td class=\"has-text-align-center\" data-align=\"center\">Profesor<\/td><td>Religie<\/td><\/tr><tr><td>33<\/td><td class=\"has-text-align-center\" data-align=\"center\">Andreescu Eduard<\/td><td class=\"has-text-align-center\" data-align=\"center\">Profesor<\/td><td>Informatic\u0103 \u0219i TIC<\/td><\/tr><tr><td>34<\/td><td class=\"has-text-align-center\" data-align=\"center\">Nec\u0219oiu Elena-Cristina<\/td><td class=\"has-text-align-center\" data-align=\"center\">Profesor<\/td><td>Lb. englez\u0103-op\u021bional<\/td><\/tr><tr><td>35<\/td><td class=\"has-text-align-center\" data-align=\"center\">Ilie Camelia<\/td><td class=\"has-text-align-center\" data-align=\"center\">Profesor<\/td><td>Ed.social\u0103<\/td><\/tr><tr><td>36<\/td><td class=\"has-text-align-center\" data-align=\"center\">Burnei Denisa<\/td><td class=\"has-text-align-center\" data-align=\"center\">Profesor <\/td><td>Istorie<\/td><\/tr><tr><td>37<\/td><td class=\"has-text-align-center\" data-align=\"center\">Polizache Andrada<\/td><td class=\"has-text-align-center\" data-align=\"center\">Profesor<\/td><td>Ed. Social\u0103<\/td><\/tr><tr><td>38<\/td><td class=\"has-text-align-center\" data-align=\"center\">C\u00eerstea Irina<\/td><td class=\"has-text-align-center\" data-align=\"center\">Profesor<\/td><td>Ed. Muzical\u0103<\/td><\/tr><tr><td>39<\/td><td class=\"has-text-align-center\" data-align=\"center\">Chirca Robert<\/td><td class=\"has-text-align-center\" data-align=\"center\">Profesor<\/td><td>Religie<\/td><\/tr><tr><td>40<\/td><td class=\"has-text-align-center\" data-align=\"center\">P\u0103s\u0103ric\u0103 Elena <\/td><td class=\"has-text-align-center\" data-align=\"center\">Profesor <\/td><td>Ed. fizic\u0103 \u0219i sport<\/td><\/tr><tr><td>41<\/td><td class=\"has-text-align-center\" data-align=\"center\">Mur\u0103tureanu Claudia<\/td><td class=\"has-text-align-center\" data-align=\"center\">Profesor <\/td><td>Lb. rom\u00e2n\u0103<\/td><\/tr><\/tbody><\/table><\/figure>\n","protected":false},"excerpt":{"rendered":"<p>Nr.crt Numele \u0219iprenumele Func\u021bia Specialitatea 1 Matei Nicoleta-Otilia Profesor\/director Fizic\u0103 \u2013 chimie 2 Gheorghe Silvia Profesor\/director adj. Matematic\u0103 3 Petre Georgeta-Magdalena Prof. \u00eenv\u0103\u021b\u0103m\u00e2nt pre\u0219colar &nbsp; 4 Sanda Ileana Prof. \u00eenv\u0103\u021b\u0103m\u00e2nt pre\u0219colar &nbsp; 5 Manta Mihaela-Angelica Prof. \u00eenv\u0103\u021b\u0103m\u00e2nt pre\u0219colar &nbsp; 6 &hellip; <\/p>\n","protected":false},"author":1,"featured_media":0,"parent":0,"menu_order":0,"comment_status":"closed","ping_status":"closed","template":"","meta":{"_acf_changed":false,"footnotes":""},"class_list":["post-23","page","type-page","status-publish","hentry"],"acf":[],"_links":{"self":[{"href":"https:\/\/scnucet.ro\/index.php\/wp-json\/wp\/v2\/pages\/23","targetHints":{"allow":["GET"]}}],"collection":[{"href":"https:\/\/scnucet.ro\/index.php\/wp-json\/wp\/v2\/pages"}],"about":[{"href":"https:\/\/scnucet.ro\/index.php\/wp-json\/wp\/v2\/types\/page"}],"author":[{"embeddable":true,"href":"https:\/\/scnucet.ro\/index.php\/wp-json\/wp\/v2\/users\/1"}],"replies":[{"embeddable":true,"href":"https:\/\/scnucet.ro\/index.php\/wp-json\/wp\/v2\/comments?post=23"}],"version-history":[{"count":11,"href":"https:\/\/scnucet.ro\/index.php\/wp-json\/wp\/v2\/pages\/23\/revisions"}],"predecessor-version":[{"id":795,"href":"https:\/\/scnucet.ro\/index.php\/wp-json\/wp\/v2\/pages\/23\/revisions\/795"}],"wp:attachment":[{"href":"https:\/\/scnucet.ro\/index.php\/wp-json\/wp\/v2\/media?parent=23"}],"curies":[{"name":"wp","href":"https:\/\/api.w.org\/{rel}","templated":true}]}}