{"id":131,"date":"2021-11-06T15:08:53","date_gmt":"2021-11-06T12:08:53","guid":{"rendered":"https:\/\/scnucet.ro\/?page_id=131"},"modified":"2024-11-15T09:56:44","modified_gmt":"2024-11-15T06:56:44","slug":"documente-manageriale","status":"publish","type":"page","link":"https:\/\/scnucet.ro\/index.php\/documente-manageriale\/","title":{"rendered":"Documente"},"content":{"rendered":"\n<p><a href=\"https:\/\/scnucet.ro\/wp-content\/uploads\/2024\/11\/ROI.pdf\">ROI 2024-2025<\/a><\/p>\n\n\n\n<p><a href=\"https:\/\/scnucet.ro\/wp-content\/uploads\/2024\/11\/Organigrama-2024-2025.pdf\">Organigrama 2024-2025<\/a><\/p>\n\n\n\n<p><a href=\"https:\/\/scnucet.ro\/wp-content\/uploads\/2024\/11\/PDI-revizuit-2024-2025.pdf\">PDI revizuit \u00een 2024<\/a><\/p>\n\n\n\n<p><a href=\"https:\/\/scnucet.ro\/wp-content\/uploads\/2024\/11\/Raportul-anual-asupra-calitatii-educatiei.pdf\">Raportul anual asupra calit\u0103\u021bii educa\u021biei<\/a><\/p>\n\n\n\n<p><a href=\"https:\/\/scnucet.ro\/wp-content\/uploads\/2023\/11\/PLAN-MANAGERIAL-2023-2024.pdf\" data-type=\"link\" data-id=\"https:\/\/scnucet.ro\/wp-content\/uploads\/2023\/11\/PLAN-MANAGERIAL-2023-2024.pdf\">PLAN MANAGERIAL 2023-2024<\/a><\/p>\n\n\n\n<p><a href=\"https:\/\/scnucet.ro\/wp-content\/uploads\/2024\/08\/Fisa-de-autoevaluare-cadre-didactice-2023-2024.pdf\">FI\u0218\u0102 DE AUTOEVALUARE 2023-2024<\/a><\/p>\n\n\n\n<p><a href=\"https:\/\/scnucet.ro\/wp-content\/uploads\/2023\/11\/PDI-2023-2027.pdf\" data-type=\"link\" data-id=\"https:\/\/scnucet.ro\/wp-content\/uploads\/2023\/11\/PDI-2023-2027.pdf\">PDI 2023-2027<\/a><\/p>\n\n\n\n<p><a href=\"https:\/\/scnucet.ro\/wp-content\/uploads\/2023\/11\/Strategia-de-dezvoltare-profesionala-2023-2024.pdf\" data-type=\"link\" data-id=\"https:\/\/scnucet.ro\/wp-content\/uploads\/2023\/11\/Strategia-de-dezvoltare-profesionala-2023-2024.pdf\">Strategia de dezvoltare profesional\u0103 2023-2024<\/a><\/p>\n\n\n\n<p><a href=\"https:\/\/scnucet.ro\/wp-content\/uploads\/2023\/11\/REGULAMENT-INTERN-2023-2024.pdf\" data-type=\"link\" data-id=\"https:\/\/scnucet.ro\/wp-content\/uploads\/2023\/11\/REGULAMENT-INTERN-2023-2024.pdf\">Regulament intern 2023-2024<\/a><\/p>\n\n\n\n<p><a href=\"https:\/\/scnucet.ro\/wp-content\/uploads\/2023\/11\/RI-2022-2023.pdf\" data-type=\"link\" data-id=\"https:\/\/scnucet.ro\/wp-content\/uploads\/2023\/11\/RI-2022-2023.pdf\">Regulament intern 2022-2023<\/a><\/p>\n\n\n\n<p><a href=\"https:\/\/scnucet.ro\/wp-content\/uploads\/2023\/11\/RI-2021-2022.pdf\" data-type=\"link\" data-id=\"https:\/\/scnucet.ro\/wp-content\/uploads\/2023\/11\/RI-2021-2022.pdf\">Regulament intern 2021-2022<\/a><\/p>\n\n\n\n<p><a href=\"https:\/\/scnucet.ro\/wp-content\/uploads\/2023\/11\/Organigrama-2023-2024.pdf\" data-type=\"link\" data-id=\"https:\/\/scnucet.ro\/wp-content\/uploads\/2023\/11\/Organigrama-2023-2024.pdf\">ORGANIGRAM\u0102 2023-2024<\/a><\/p>\n\n\n\n<p><a href=\"https:\/\/scnucet.ro\/wp-content\/uploads\/2023\/11\/PLAN-OPERATIONAL-2023-2024.pdf\" data-type=\"link\" data-id=\"https:\/\/scnucet.ro\/wp-content\/uploads\/2023\/11\/PLAN-OPERATIONAL-2023-2024.pdf\">PLAN OPERA\u021aIONAL 2023-2024<\/a><\/p>\n\n\n\n<p><a href=\"https:\/\/scnucet.ro\/wp-content\/uploads\/2023\/11\/Oferta-educationala-actualizata-2023-2024.pdf\" data-type=\"link\" data-id=\"https:\/\/scnucet.ro\/wp-content\/uploads\/2023\/11\/Oferta-educationala-actualizata-2023-2024.pdf\">Oferta educa\u021bional\u0103 2023-2024<\/a><\/p>\n\n\n\n<p><a href=\"https:\/\/scnucet.ro\/wp-content\/uploads\/2024\/11\/ROF-2024-2025.pdf\">ROF 2024-2025<\/a><\/p>\n\n\n\n<p><a href=\"https:\/\/scnucet.ro\/wp-content\/uploads\/2023\/11\/ROF-2023-2024.pdf\" data-type=\"link\" data-id=\"https:\/\/scnucet.ro\/wp-content\/uploads\/2023\/11\/ROF-2023-2024.pdf\">ROF 2023-2024<\/a><\/p>\n\n\n\n<p><a href=\"https:\/\/scnucet.ro\/wp-content\/uploads\/2023\/11\/ROF-2022-2023.pdf\" data-type=\"link\" data-id=\"https:\/\/scnucet.ro\/wp-content\/uploads\/2023\/11\/ROF-2022-2023.pdf\">ROF 2022-2023<\/a><\/p>\n\n\n\n<p><a href=\"https:\/\/scnucet.ro\/wp-content\/uploads\/2023\/11\/ROF-2021-2022.pdf\" data-type=\"link\" data-id=\"https:\/\/scnucet.ro\/wp-content\/uploads\/2023\/11\/ROF-2021-2022.pdf\">ROF 2021-2022<\/a><\/p>\n\n\n\n<p><a href=\"https:\/\/scnucet.ro\/wp-content\/uploads\/2023\/11\/COD-UL-DE-ETICA-PROFESIONALA-2023-2024.pdf\" data-type=\"link\" data-id=\"https:\/\/scnucet.ro\/wp-content\/uploads\/2023\/11\/COD-UL-DE-ETICA-PROFESIONALA-2023-2024.pdf\">CODUL DE ETIC\u0102 PROFESIONAL\u0102 2023-2024<\/a><\/p>\n\n\n\n<p><a href=\"https:\/\/scnucet.ro\/wp-content\/uploads\/2023\/11\/Raport-privind-calitatea-invatamantului-2022-2023-1.pdf\" data-type=\"link\" data-id=\"https:\/\/scnucet.ro\/wp-content\/uploads\/2023\/11\/Raport-privind-calitatea-invatamantului-2022-2023-1.pdf\">RAPORT CALITATEA \u00ceNV\u0102\u021a\u0102M\u00c2NTULUI 2022-2023<\/a><\/p>\n\n\n\n<p><a href=\"https:\/\/scnucet.ro\/wp-content\/uploads\/2023\/11\/Raport-privind-starea-invatamantului-2021-2022.pdf\" data-type=\"link\" data-id=\"https:\/\/scnucet.ro\/wp-content\/uploads\/2023\/11\/Raport-privind-starea-invatamantului-2021-2022.pdf\">RAPORT CALITATEA \u00ceNV\u0102\u021a\u0102M\u00c2NTULUI 2021-2022<\/a><\/p>\n\n\n\n<div class=\"wp-block-file\"><a id=\"wp-block-file--media-dd99d364-29f5-417e-98dd-eb25f4e4ac59\" href=\"https:\/\/scnucet.ro\/wp-content\/uploads\/2021\/11\/20-21-RAPORT-ANUAL-PRIVIND-STAREA-SI-CALITATEA-INVATAMANTULUI.pdf\">RAPORT CALITATEA \u00ceNV\u0102\u021a\u0102M\u00c2NTULUI 2020-2021<\/a><\/div>\n\n\n\n<p><a href=\"https:\/\/scnucet.ro\/wp-content\/uploads\/2024\/11\/RAEI.pdf\">Raport RAEI 2023-2024<\/a><\/p>\n\n\n\n<p><a href=\"https:\/\/scnucet.ro\/wp-content\/uploads\/2023\/11\/2022-2023-RAEI.pdf\" data-type=\"link\" data-id=\"https:\/\/scnucet.ro\/wp-content\/uploads\/2023\/11\/2022-2023-RAEI.pdf\">Raport RAEI 2022-2023<\/a><\/p>\n\n\n\n<p><a href=\"https:\/\/scnucet.ro\/wp-content\/uploads\/2023\/11\/2021-2022-RAEI.pdf\" data-type=\"link\" data-id=\"https:\/\/scnucet.ro\/wp-content\/uploads\/2023\/11\/2021-2022-RAEI.pdf\">Raport RAEI 2021-2022<\/a><\/p>\n\n\n\n<p><a href=\"https:\/\/scnucet.ro\/wp-content\/uploads\/2023\/11\/2020-2021-RAEI.pdf\" data-type=\"link\" data-id=\"https:\/\/scnucet.ro\/wp-content\/uploads\/2023\/11\/2020-2021-RAEI.pdf\">Raport RAEI 2020-2021<\/a><\/p>\n\n\n\n<p><a href=\"https:\/\/scnucet.ro\/wp-content\/uploads\/2023\/11\/RAEI-2019-2020.pdf\" data-type=\"link\" data-id=\"https:\/\/scnucet.ro\/wp-content\/uploads\/2023\/11\/RAEI-2019-2020.pdf\">Raport RAEI 2019-2020<\/a><\/p>\n","protected":false},"excerpt":{"rendered":"<p>ROI 2024-2025 Organigrama 2024-2025 PDI revizuit \u00een 2024 Raportul anual asupra calit\u0103\u021bii educa\u021biei PLAN MANAGERIAL 2023-2024 FI\u0218\u0102 DE AUTOEVALUARE 2023-2024 PDI 2023-2027 Strategia de dezvoltare profesional\u0103 2023-2024 Regulament intern 2023-2024 Regulament intern 2022-2023 Regulament intern 2021-2022 ORGANIGRAM\u0102 2023-2024 PLAN OPERA\u021aIONAL &hellip; <\/p>\n","protected":false},"author":1,"featured_media":0,"parent":0,"menu_order":0,"comment_status":"closed","ping_status":"closed","template":"","meta":{"_acf_changed":false,"footnotes":""},"class_list":["post-131","page","type-page","status-publish","hentry"],"acf":[],"_links":{"self":[{"href":"https:\/\/scnucet.ro\/index.php\/wp-json\/wp\/v2\/pages\/131","targetHints":{"allow":["GET"]}}],"collection":[{"href":"https:\/\/scnucet.ro\/index.php\/wp-json\/wp\/v2\/pages"}],"about":[{"href":"https:\/\/scnucet.ro\/index.php\/wp-json\/wp\/v2\/types\/page"}],"author":[{"embeddable":true,"href":"https:\/\/scnucet.ro\/index.php\/wp-json\/wp\/v2\/users\/1"}],"replies":[{"embeddable":true,"href":"https:\/\/scnucet.ro\/index.php\/wp-json\/wp\/v2\/comments?post=131"}],"version-history":[{"count":42,"href":"https:\/\/scnucet.ro\/index.php\/wp-json\/wp\/v2\/pages\/131\/revisions"}],"predecessor-version":[{"id":812,"href":"https:\/\/scnucet.ro\/index.php\/wp-json\/wp\/v2\/pages\/131\/revisions\/812"}],"wp:attachment":[{"href":"https:\/\/scnucet.ro\/index.php\/wp-json\/wp\/v2\/media?parent=131"}],"curies":[{"name":"wp","href":"https:\/\/api.w.org\/{rel}","templated":true}]}}