{"id":118,"date":"2021-11-06T11:51:40","date_gmt":"2021-11-06T08:51:40","guid":{"rendered":"https:\/\/scnucet.ro\/?page_id=118"},"modified":"2025-08-08T13:58:33","modified_gmt":"2025-08-08T10:58:33","slug":"scoala-gimnaziala-nucet","status":"publish","type":"page","link":"https:\/\/scnucet.ro\/","title":{"rendered":"\u0218coala Gimnazial\u0103 Nucet"},"content":{"rendered":"\n<p class=\"has-text-align-center\"><strong>BINE A\u021aI VENIT LA \u0218COALA GIMNAZIAL\u0102 NUCET!<\/strong><\/p>\n\n\n\n<blockquote class=\"wp-block-quote is-style-plain is-layout-flow wp-block-quote-is-layout-flow\" style=\"font-style:italic;font-weight:400\">\n<h2 class=\"wp-block-heading has-vivid-purple-color has-text-color has-link-color wp-elements-0ae43356e8d3ab191eadd239126d5c93\" style=\"font-style:italic;font-weight:700\">MISIUNEA<\/h2>\n<cite>Misiunea \u0219colii noastre este de a preg\u0103ti elevii pentru o lume \u00een schimbare, form\u00e2ndu-le capacit\u0103\u0163i, deprinderi \u015fi competen\u021be care s\u0103 le permit\u0103 s\u0103-\u015fi g\u0103seasc\u0103 locul \u00een societate.<\/cite><\/blockquote>\n\n\n\n<blockquote class=\"wp-block-quote is-style-plain is-layout-flow wp-block-quote-is-layout-flow\" style=\"font-style:italic;font-weight:400\">\n<h2 class=\"wp-block-heading has-vivid-purple-color has-text-color has-link-color wp-elements-bd204120d9a6d1fe85f1fab03da6b40d\" style=\"font-style:italic;font-weight:700\">VIZIUNEA<\/h2>\n<cite>\u0218coala noastr\u0103 \u00ee\u015fi propune s\u0103 formeze tineri educa\u021bi \u015fi instrui\u021bi pentru o lume mai bun\u0103 pe care ne-o dorim.<\/cite><\/blockquote>\n\n\n\n<blockquote class=\"wp-block-quote is-style-plain is-layout-flow wp-block-quote-is-layout-flow\" style=\"font-style:italic;font-weight:400\">\n<h2 class=\"wp-block-heading has-vivid-purple-color has-text-color has-link-color wp-elements-7a28a3045c92dda3d4711298cad6257d\" style=\"font-style:italic;font-weight:700\">DEVIZA<\/h2>\n<cite>TO\u021aI COPIII AU DREPTUL LA REU\u0218IT\u0102!<\/cite><\/blockquote>\n\n\n<div class=\"wp-block-image\">\n<figure class=\"aligncenter size-large\"><img loading=\"lazy\" decoding=\"async\" width=\"161\" height=\"162\" src=\"https:\/\/scnucet.ro\/wp-content\/uploads\/2020\/10\/Imagine1.jpg\" alt=\"\" class=\"wp-image-28\" srcset=\"https:\/\/scnucet.ro\/wp-content\/uploads\/2020\/10\/Imagine1.jpg 161w, https:\/\/scnucet.ro\/wp-content\/uploads\/2020\/10\/Imagine1-150x150.jpg 150w\" sizes=\"auto, (max-width: 161px) 100vw, 161px\" \/><\/figure><\/div>\n\n\n<p><\/p>\n\n\n\n<div class=\"wp-block-buttons is-content-justification-center is-layout-flex wp-container-core-buttons-is-layout-16018d1d wp-block-buttons-is-layout-flex\">\n<div class=\"wp-block-button is-style-outline is-style-outline--1\"><a class=\"wp-block-button__link has-vivid-purple-color has-luminous-vivid-amber-background-color has-text-color has-background has-link-color wp-element-button\" href=\"https:\/\/scnucet.ro\/wp-content\/uploads\/2025\/08\/1.pdf\">ANUN\u021a ORGANIZARE CONCURS<\/a><\/div>\n<\/div>\n","protected":false},"excerpt":{"rendered":"<p>BINE A\u021aI VENIT LA \u0218COALA GIMNAZIAL\u0102 NUCET! MISIUNEA Misiunea \u0219colii noastre este de a preg\u0103ti elevii pentru o lume \u00een schimbare, form\u00e2ndu-le capacit\u0103\u0163i, deprinderi \u015fi competen\u021be care s\u0103 le permit\u0103 s\u0103-\u015fi g\u0103seasc\u0103 locul \u00een societate. VIZIUNEA \u0218coala noastr\u0103 \u00ee\u015fi propune &hellip; <\/p>\n","protected":false},"author":1,"featured_media":0,"parent":0,"menu_order":0,"comment_status":"closed","ping_status":"closed","template":"template-home.php","meta":{"_acf_changed":false,"footnotes":""},"class_list":["post-118","page","type-page","status-publish","hentry"],"acf":[],"_links":{"self":[{"href":"https:\/\/scnucet.ro\/index.php\/wp-json\/wp\/v2\/pages\/118","targetHints":{"allow":["GET"]}}],"collection":[{"href":"https:\/\/scnucet.ro\/index.php\/wp-json\/wp\/v2\/pages"}],"about":[{"href":"https:\/\/scnucet.ro\/index.php\/wp-json\/wp\/v2\/types\/page"}],"author":[{"embeddable":true,"href":"https:\/\/scnucet.ro\/index.php\/wp-json\/wp\/v2\/users\/1"}],"replies":[{"embeddable":true,"href":"https:\/\/scnucet.ro\/index.php\/wp-json\/wp\/v2\/comments?post=118"}],"version-history":[{"count":31,"href":"https:\/\/scnucet.ro\/index.php\/wp-json\/wp\/v2\/pages\/118\/revisions"}],"predecessor-version":[{"id":1021,"href":"https:\/\/scnucet.ro\/index.php\/wp-json\/wp\/v2\/pages\/118\/revisions\/1021"}],"wp:attachment":[{"href":"https:\/\/scnucet.ro\/index.php\/wp-json\/wp\/v2\/media?parent=118"}],"curies":[{"name":"wp","href":"https:\/\/api.w.org\/{rel}","templated":true}]}}